{"id":1070,"date":"2026-04-14T16:31:07","date_gmt":"2026-04-14T16:31:07","guid":{"rendered":"https:\/\/drbrittavet.com\/?page_id=1070"},"modified":"2026-04-17T05:09:22","modified_gmt":"2026-04-17T05:09:22","slug":"chinese-herbal-medicine","status":"publish","type":"page","link":"https:\/\/drbrittavet.com\/en\/chinese-herbal-medicine\/","title":{"rendered":"Chinese herbal medicine"},"content":{"rendered":"","protected":false},"excerpt":{"rendered":"","protected":false},"author":1,"featured_media":0,"parent":0,"menu_order":0,"comment_status":"closed","ping_status":"closed","template":"page-chinese-herbal-medicine","meta":{"footnotes":""},"class_list":["post-1070","page","type-page","status-publish","hentry"],"yoast_head":"<!-- This site is optimized with the Yoast SEO plugin v27.4 - https:\/\/yoast.com\/product\/yoast-seo-wordpress\/ -->\n<title>Chinese herbal medicine - Dr. Britta<\/title>\n<meta name=\"robots\" content=\"index, follow, max-snippet:-1, max-image-preview:large, max-video-preview:-1\" \/>\n<link rel=\"canonical\" href=\"https:\/\/drbrittavet.com\/en\/chinese-herbal-medicine\/\" \/>\n<meta property=\"og:locale\" content=\"en_US\" \/>\n<meta property=\"og:type\" content=\"article\" \/>\n<meta property=\"og:title\" content=\"Chinese herbal medicine - Dr. Britta\" \/>\n<meta property=\"og:url\" content=\"https:\/\/drbrittavet.com\/en\/chinese-herbal-medicine\/\" \/>\n<meta property=\"og:site_name\" content=\"Dr. Britta\" \/>\n<meta property=\"article:publisher\" content=\"https:\/\/www.facebook.com\/profile.php?id=61556929146579\" \/>\n<meta property=\"article:modified_time\" content=\"2026-04-17T05:09:22+00:00\" \/>\n<meta property=\"og:image\" content=\"https:\/\/drbrittavet.com\/wp-content\/uploads\/2024\/07\/Web-Flyer-Britta-VET_0073-copy-2-scaled.jpg\" \/>\n\t<meta property=\"og:image:width\" content=\"2560\" \/>\n\t<meta property=\"og:image:height\" content=\"2120\" \/>\n\t<meta property=\"og:image:type\" content=\"image\/jpeg\" \/>\n<meta name=\"twitter:card\" content=\"summary_large_image\" \/>\n<script type=\"application\/ld+json\" class=\"yoast-schema-graph\">{\"@context\":\"https:\\\/\\\/schema.org\",\"@graph\":[{\"@type\":\"WebPage\",\"@id\":\"https:\\\/\\\/drbrittavet.com\\\/en\\\/chinese-herbal-medicine\\\/\",\"url\":\"https:\\\/\\\/drbrittavet.com\\\/en\\\/chinese-herbal-medicine\\\/\",\"name\":\"Chinese herbal medicine - Dr. Britta\",\"isPartOf\":{\"@id\":\"https:\\\/\\\/drbrittavet.com\\\/#website\"},\"datePublished\":\"2026-04-14T16:31:07+00:00\",\"dateModified\":\"2026-04-17T05:09:22+00:00\",\"breadcrumb\":{\"@id\":\"https:\\\/\\\/drbrittavet.com\\\/en\\\/chinese-herbal-medicine\\\/#breadcrumb\"},\"inLanguage\":\"en-US\",\"potentialAction\":[{\"@type\":\"ReadAction\",\"target\":[\"https:\\\/\\\/drbrittavet.com\\\/en\\\/chinese-herbal-medicine\\\/\"]}]},{\"@type\":\"BreadcrumbList\",\"@id\":\"https:\\\/\\\/drbrittavet.com\\\/en\\\/chinese-herbal-medicine\\\/#breadcrumb\",\"itemListElement\":[{\"@type\":\"ListItem\",\"position\":1,\"name\":\"Portada\",\"item\":\"https:\\\/\\\/drbrittavet.com\\\/en\\\/\"},{\"@type\":\"ListItem\",\"position\":2,\"name\":\"Chinese herbal medicine\"}]},{\"@type\":\"WebSite\",\"@id\":\"https:\\\/\\\/drbrittavet.com\\\/#website\",\"url\":\"https:\\\/\\\/drbrittavet.com\\\/\",\"name\":\"Dr. Britta, veterinaria integrativa\",\"description\":\"Veterinaria Hol&iacute;stica a domicilio en Maresme\",\"publisher\":{\"@id\":\"https:\\\/\\\/drbrittavet.com\\\/#\\\/schema\\\/person\\\/05962b5f97a8d5ac1b7ae06401c70a9c\"},\"alternateName\":\"Dr. Britta, veterinaria integrativa\",\"potentialAction\":[{\"@type\":\"SearchAction\",\"target\":{\"@type\":\"EntryPoint\",\"urlTemplate\":\"https:\\\/\\\/drbrittavet.com\\\/?s={search_term_string}\"},\"query-input\":{\"@type\":\"PropertyValueSpecification\",\"valueRequired\":true,\"valueName\":\"search_term_string\"}}],\"inLanguage\":\"en-US\"},{\"@type\":[\"Person\",\"Organization\"],\"@id\":\"https:\\\/\\\/drbrittavet.com\\\/#\\\/schema\\\/person\\\/05962b5f97a8d5ac1b7ae06401c70a9c\",\"name\":\"admin\",\"image\":{\"@type\":\"ImageObject\",\"inLanguage\":\"en-US\",\"@id\":\"https:\\\/\\\/drbrittavet.com\\\/wp-content\\\/uploads\\\/2024\\\/04\\\/Britta-site-icon.png\",\"url\":\"https:\\\/\\\/drbrittavet.com\\\/wp-content\\\/uploads\\\/2024\\\/04\\\/Britta-site-icon.png\",\"contentUrl\":\"https:\\\/\\\/drbrittavet.com\\\/wp-content\\\/uploads\\\/2024\\\/04\\\/Britta-site-icon.png\",\"width\":1219,\"height\":1219,\"caption\":\"admin\"},\"logo\":{\"@id\":\"https:\\\/\\\/drbrittavet.com\\\/wp-content\\\/uploads\\\/2024\\\/04\\\/Britta-site-icon.png\"},\"description\":\"Soy una veterinaria con amplia experiencia, especializada en terapias integrativas para mejorar la salud y el bienestar de los animales peque\u00f1os en Maresme y Barcelona. Creo que la atenci\u00f3n veterinaria debe centrarse en tratar las causas subyacentes de los problemas de salud, en lugar de simplemente aliviar los s\u00edntomas. Por ello, combino las pr\u00e1cticas veterinarias tradicionales con terapias hol\u00edsticas, ofreciendo a mis pacientes lo mejor de ambos enfoques.\",\"sameAs\":[\"https:\\\/\\\/drbrittavet.com\",\"https:\\\/\\\/www.facebook.com\\\/profile.php?id=61556929146579\",\"https:\\\/\\\/www.instagram.com\\\/drbrittavet\"]}]}<\/script>\n<!-- \/ Yoast SEO plugin. -->","yoast_head_json":{"title":"Chinese herbal medicine - Dr. Britta","robots":{"index":"index","follow":"follow","max-snippet":"max-snippet:-1","max-image-preview":"max-image-preview:large","max-video-preview":"max-video-preview:-1"},"canonical":"https:\/\/drbrittavet.com\/en\/chinese-herbal-medicine\/","og_locale":"en_US","og_type":"article","og_title":"Chinese herbal medicine - Dr. Britta","og_url":"https:\/\/drbrittavet.com\/en\/chinese-herbal-medicine\/","og_site_name":"Dr. Britta","article_publisher":"https:\/\/www.facebook.com\/profile.php?id=61556929146579","article_modified_time":"2026-04-17T05:09:22+00:00","og_image":[{"width":2560,"height":2120,"url":"https:\/\/drbrittavet.com\/wp-content\/uploads\/2024\/07\/Web-Flyer-Britta-VET_0073-copy-2-scaled.jpg","type":"image\/jpeg"}],"twitter_card":"summary_large_image","schema":{"@context":"https:\/\/schema.org","@graph":[{"@type":"WebPage","@id":"https:\/\/drbrittavet.com\/en\/chinese-herbal-medicine\/","url":"https:\/\/drbrittavet.com\/en\/chinese-herbal-medicine\/","name":"Chinese herbal medicine - Dr. Britta","isPartOf":{"@id":"https:\/\/drbrittavet.com\/#website"},"datePublished":"2026-04-14T16:31:07+00:00","dateModified":"2026-04-17T05:09:22+00:00","breadcrumb":{"@id":"https:\/\/drbrittavet.com\/en\/chinese-herbal-medicine\/#breadcrumb"},"inLanguage":"en-US","potentialAction":[{"@type":"ReadAction","target":["https:\/\/drbrittavet.com\/en\/chinese-herbal-medicine\/"]}]},{"@type":"BreadcrumbList","@id":"https:\/\/drbrittavet.com\/en\/chinese-herbal-medicine\/#breadcrumb","itemListElement":[{"@type":"ListItem","position":1,"name":"Portada","item":"https:\/\/drbrittavet.com\/en\/"},{"@type":"ListItem","position":2,"name":"Chinese herbal medicine"}]},{"@type":"WebSite","@id":"https:\/\/drbrittavet.com\/#website","url":"https:\/\/drbrittavet.com\/","name":"Dr. Britta, veterinaria integrativa","description":"Veterinaria Hol&iacute;stica a domicilio en Maresme","publisher":{"@id":"https:\/\/drbrittavet.com\/#\/schema\/person\/05962b5f97a8d5ac1b7ae06401c70a9c"},"alternateName":"Dr. Britta, veterinaria integrativa","potentialAction":[{"@type":"SearchAction","target":{"@type":"EntryPoint","urlTemplate":"https:\/\/drbrittavet.com\/?s={search_term_string}"},"query-input":{"@type":"PropertyValueSpecification","valueRequired":true,"valueName":"search_term_string"}}],"inLanguage":"en-US"},{"@type":["Person","Organization"],"@id":"https:\/\/drbrittavet.com\/#\/schema\/person\/05962b5f97a8d5ac1b7ae06401c70a9c","name":"admin","image":{"@type":"ImageObject","inLanguage":"en-US","@id":"https:\/\/drbrittavet.com\/wp-content\/uploads\/2024\/04\/Britta-site-icon.png","url":"https:\/\/drbrittavet.com\/wp-content\/uploads\/2024\/04\/Britta-site-icon.png","contentUrl":"https:\/\/drbrittavet.com\/wp-content\/uploads\/2024\/04\/Britta-site-icon.png","width":1219,"height":1219,"caption":"admin"},"logo":{"@id":"https:\/\/drbrittavet.com\/wp-content\/uploads\/2024\/04\/Britta-site-icon.png"},"description":"Soy una veterinaria con amplia experiencia, especializada en terapias integrativas para mejorar la salud y el bienestar de los animales peque\u00f1os en Maresme y Barcelona. Creo que la atenci\u00f3n veterinaria debe centrarse en tratar las causas subyacentes de los problemas de salud, en lugar de simplemente aliviar los s\u00edntomas. Por ello, combino las pr\u00e1cticas veterinarias tradicionales con terapias hol\u00edsticas, ofreciendo a mis pacientes lo mejor de ambos enfoques.","sameAs":["https:\/\/drbrittavet.com","https:\/\/www.facebook.com\/profile.php?id=61556929146579","https:\/\/www.instagram.com\/drbrittavet"]}]}},"_links":{"self":[{"href":"https:\/\/drbrittavet.com\/en\/wp-json\/wp\/v2\/pages\/1070","targetHints":{"allow":["GET"]}}],"collection":[{"href":"https:\/\/drbrittavet.com\/en\/wp-json\/wp\/v2\/pages"}],"about":[{"href":"https:\/\/drbrittavet.com\/en\/wp-json\/wp\/v2\/types\/page"}],"author":[{"embeddable":true,"href":"https:\/\/drbrittavet.com\/en\/wp-json\/wp\/v2\/users\/1"}],"replies":[{"embeddable":true,"href":"https:\/\/drbrittavet.com\/en\/wp-json\/wp\/v2\/comments?post=1070"}],"version-history":[{"count":1,"href":"https:\/\/drbrittavet.com\/en\/wp-json\/wp\/v2\/pages\/1070\/revisions"}],"predecessor-version":[{"id":1071,"href":"https:\/\/drbrittavet.com\/en\/wp-json\/wp\/v2\/pages\/1070\/revisions\/1071"}],"wp:attachment":[{"href":"https:\/\/drbrittavet.com\/en\/wp-json\/wp\/v2\/media?parent=1070"}],"curies":[{"name":"wp","href":"https:\/\/api.w.org\/{rel}","templated":true}]}}