{"id":683,"date":"2024-10-01T10:00:23","date_gmt":"2024-10-01T10:00:23","guid":{"rendered":"https:\/\/drbrittavet.com\/prices\/"},"modified":"2024-10-01T10:00:23","modified_gmt":"2024-10-01T10:00:23","slug":"prices","status":"publish","type":"page","link":"https:\/\/drbrittavet.com\/en\/prices\/","title":{"rendered":"Prices"},"content":{"rendered":"","protected":false},"excerpt":{"rendered":"","protected":false},"author":1,"featured_media":0,"parent":0,"menu_order":0,"comment_status":"closed","ping_status":"closed","template":"","meta":{"footnotes":""},"class_list":["post-683","page","type-page","status-publish","hentry"],"yoast_head":"<!-- This site is optimized with the Yoast SEO plugin v27.4 - https:\/\/yoast.com\/product\/yoast-seo-wordpress\/ -->\n<title>Prices - Dr. Britta<\/title>\n<meta name=\"robots\" content=\"index, follow, max-snippet:-1, max-image-preview:large, max-video-preview:-1\" \/>\n<link rel=\"canonical\" href=\"https:\/\/drbrittavet.com\/en\/prices\/\" \/>\n<meta property=\"og:locale\" content=\"en_US\" \/>\n<meta property=\"og:type\" content=\"article\" \/>\n<meta property=\"og:title\" content=\"Prices - Dr. Britta\" \/>\n<meta property=\"og:url\" content=\"https:\/\/drbrittavet.com\/en\/prices\/\" \/>\n<meta property=\"og:site_name\" content=\"Dr. Britta\" \/>\n<meta property=\"article:publisher\" content=\"https:\/\/www.facebook.com\/profile.php?id=61556929146579\" \/>\n<meta property=\"og:image\" content=\"https:\/\/drbrittavet.com\/wp-content\/uploads\/2024\/07\/Web-Flyer-Britta-VET_0073-copy-2-scaled.jpg\" \/>\n\t<meta property=\"og:image:width\" content=\"2560\" \/>\n\t<meta property=\"og:image:height\" content=\"2120\" \/>\n\t<meta property=\"og:image:type\" content=\"image\/jpeg\" \/>\n<meta name=\"twitter:card\" content=\"summary_large_image\" \/>\n<script type=\"application\/ld+json\" class=\"yoast-schema-graph\">{\"@context\":\"https:\\\/\\\/schema.org\",\"@graph\":[{\"@type\":\"WebPage\",\"@id\":\"https:\\\/\\\/drbrittavet.com\\\/en\\\/prices\\\/\",\"url\":\"https:\\\/\\\/drbrittavet.com\\\/en\\\/prices\\\/\",\"name\":\"Prices - Dr. Britta\",\"isPartOf\":{\"@id\":\"https:\\\/\\\/drbrittavet.com\\\/#website\"},\"datePublished\":\"2024-10-01T10:00:23+00:00\",\"breadcrumb\":{\"@id\":\"https:\\\/\\\/drbrittavet.com\\\/en\\\/prices\\\/#breadcrumb\"},\"inLanguage\":\"en-US\",\"potentialAction\":[{\"@type\":\"ReadAction\",\"target\":[\"https:\\\/\\\/drbrittavet.com\\\/en\\\/prices\\\/\"]}]},{\"@type\":\"BreadcrumbList\",\"@id\":\"https:\\\/\\\/drbrittavet.com\\\/en\\\/prices\\\/#breadcrumb\",\"itemListElement\":[{\"@type\":\"ListItem\",\"position\":1,\"name\":\"Portada\",\"item\":\"https:\\\/\\\/drbrittavet.com\\\/en\\\/\"},{\"@type\":\"ListItem\",\"position\":2,\"name\":\"Prices\"}]},{\"@type\":\"WebSite\",\"@id\":\"https:\\\/\\\/drbrittavet.com\\\/#website\",\"url\":\"https:\\\/\\\/drbrittavet.com\\\/\",\"name\":\"Dr. Britta, veterinaria integrativa\",\"description\":\"Veterinaria Hol&iacute;stica a domicilio en Maresme\",\"publisher\":{\"@id\":\"https:\\\/\\\/drbrittavet.com\\\/#\\\/schema\\\/person\\\/05962b5f97a8d5ac1b7ae06401c70a9c\"},\"alternateName\":\"Dr. Britta, veterinaria integrativa\",\"potentialAction\":[{\"@type\":\"SearchAction\",\"target\":{\"@type\":\"EntryPoint\",\"urlTemplate\":\"https:\\\/\\\/drbrittavet.com\\\/?s={search_term_string}\"},\"query-input\":{\"@type\":\"PropertyValueSpecification\",\"valueRequired\":true,\"valueName\":\"search_term_string\"}}],\"inLanguage\":\"en-US\"},{\"@type\":[\"Person\",\"Organization\"],\"@id\":\"https:\\\/\\\/drbrittavet.com\\\/#\\\/schema\\\/person\\\/05962b5f97a8d5ac1b7ae06401c70a9c\",\"name\":\"admin\",\"image\":{\"@type\":\"ImageObject\",\"inLanguage\":\"en-US\",\"@id\":\"https:\\\/\\\/drbrittavet.com\\\/wp-content\\\/uploads\\\/2024\\\/04\\\/Britta-site-icon.png\",\"url\":\"https:\\\/\\\/drbrittavet.com\\\/wp-content\\\/uploads\\\/2024\\\/04\\\/Britta-site-icon.png\",\"contentUrl\":\"https:\\\/\\\/drbrittavet.com\\\/wp-content\\\/uploads\\\/2024\\\/04\\\/Britta-site-icon.png\",\"width\":1219,\"height\":1219,\"caption\":\"admin\"},\"logo\":{\"@id\":\"https:\\\/\\\/drbrittavet.com\\\/wp-content\\\/uploads\\\/2024\\\/04\\\/Britta-site-icon.png\"},\"description\":\"Soy una veterinaria con amplia experiencia, especializada en terapias integrativas para mejorar la salud y el bienestar de los animales peque\u00f1os en Maresme y Barcelona. Creo que la atenci\u00f3n veterinaria debe centrarse en tratar las causas subyacentes de los problemas de salud, en lugar de simplemente aliviar los s\u00edntomas. Por ello, combino las pr\u00e1cticas veterinarias tradicionales con terapias hol\u00edsticas, ofreciendo a mis pacientes lo mejor de ambos enfoques.\",\"sameAs\":[\"https:\\\/\\\/drbrittavet.com\",\"https:\\\/\\\/www.facebook.com\\\/profile.php?id=61556929146579\",\"https:\\\/\\\/www.instagram.com\\\/drbrittavet\"]}]}<\/script>\n<!-- \/ Yoast SEO plugin. -->","yoast_head_json":{"title":"Prices - Dr. Britta","robots":{"index":"index","follow":"follow","max-snippet":"max-snippet:-1","max-image-preview":"max-image-preview:large","max-video-preview":"max-video-preview:-1"},"canonical":"https:\/\/drbrittavet.com\/en\/prices\/","og_locale":"en_US","og_type":"article","og_title":"Prices - Dr. Britta","og_url":"https:\/\/drbrittavet.com\/en\/prices\/","og_site_name":"Dr. Britta","article_publisher":"https:\/\/www.facebook.com\/profile.php?id=61556929146579","og_image":[{"width":2560,"height":2120,"url":"https:\/\/drbrittavet.com\/wp-content\/uploads\/2024\/07\/Web-Flyer-Britta-VET_0073-copy-2-scaled.jpg","type":"image\/jpeg"}],"twitter_card":"summary_large_image","schema":{"@context":"https:\/\/schema.org","@graph":[{"@type":"WebPage","@id":"https:\/\/drbrittavet.com\/en\/prices\/","url":"https:\/\/drbrittavet.com\/en\/prices\/","name":"Prices - Dr. Britta","isPartOf":{"@id":"https:\/\/drbrittavet.com\/#website"},"datePublished":"2024-10-01T10:00:23+00:00","breadcrumb":{"@id":"https:\/\/drbrittavet.com\/en\/prices\/#breadcrumb"},"inLanguage":"en-US","potentialAction":[{"@type":"ReadAction","target":["https:\/\/drbrittavet.com\/en\/prices\/"]}]},{"@type":"BreadcrumbList","@id":"https:\/\/drbrittavet.com\/en\/prices\/#breadcrumb","itemListElement":[{"@type":"ListItem","position":1,"name":"Portada","item":"https:\/\/drbrittavet.com\/en\/"},{"@type":"ListItem","position":2,"name":"Prices"}]},{"@type":"WebSite","@id":"https:\/\/drbrittavet.com\/#website","url":"https:\/\/drbrittavet.com\/","name":"Dr. Britta, veterinaria integrativa","description":"Veterinaria Hol&iacute;stica a domicilio en Maresme","publisher":{"@id":"https:\/\/drbrittavet.com\/#\/schema\/person\/05962b5f97a8d5ac1b7ae06401c70a9c"},"alternateName":"Dr. Britta, veterinaria integrativa","potentialAction":[{"@type":"SearchAction","target":{"@type":"EntryPoint","urlTemplate":"https:\/\/drbrittavet.com\/?s={search_term_string}"},"query-input":{"@type":"PropertyValueSpecification","valueRequired":true,"valueName":"search_term_string"}}],"inLanguage":"en-US"},{"@type":["Person","Organization"],"@id":"https:\/\/drbrittavet.com\/#\/schema\/person\/05962b5f97a8d5ac1b7ae06401c70a9c","name":"admin","image":{"@type":"ImageObject","inLanguage":"en-US","@id":"https:\/\/drbrittavet.com\/wp-content\/uploads\/2024\/04\/Britta-site-icon.png","url":"https:\/\/drbrittavet.com\/wp-content\/uploads\/2024\/04\/Britta-site-icon.png","contentUrl":"https:\/\/drbrittavet.com\/wp-content\/uploads\/2024\/04\/Britta-site-icon.png","width":1219,"height":1219,"caption":"admin"},"logo":{"@id":"https:\/\/drbrittavet.com\/wp-content\/uploads\/2024\/04\/Britta-site-icon.png"},"description":"Soy una veterinaria con amplia experiencia, especializada en terapias integrativas para mejorar la salud y el bienestar de los animales peque\u00f1os en Maresme y Barcelona. Creo que la atenci\u00f3n veterinaria debe centrarse en tratar las causas subyacentes de los problemas de salud, en lugar de simplemente aliviar los s\u00edntomas. Por ello, combino las pr\u00e1cticas veterinarias tradicionales con terapias hol\u00edsticas, ofreciendo a mis pacientes lo mejor de ambos enfoques.","sameAs":["https:\/\/drbrittavet.com","https:\/\/www.facebook.com\/profile.php?id=61556929146579","https:\/\/www.instagram.com\/drbrittavet"]}]}},"_links":{"self":[{"href":"https:\/\/drbrittavet.com\/en\/wp-json\/wp\/v2\/pages\/683","targetHints":{"allow":["GET"]}}],"collection":[{"href":"https:\/\/drbrittavet.com\/en\/wp-json\/wp\/v2\/pages"}],"about":[{"href":"https:\/\/drbrittavet.com\/en\/wp-json\/wp\/v2\/types\/page"}],"author":[{"embeddable":true,"href":"https:\/\/drbrittavet.com\/en\/wp-json\/wp\/v2\/users\/1"}],"replies":[{"embeddable":true,"href":"https:\/\/drbrittavet.com\/en\/wp-json\/wp\/v2\/comments?post=683"}],"version-history":[{"count":0,"href":"https:\/\/drbrittavet.com\/en\/wp-json\/wp\/v2\/pages\/683\/revisions"}],"wp:attachment":[{"href":"https:\/\/drbrittavet.com\/en\/wp-json\/wp\/v2\/media?parent=683"}],"curies":[{"name":"wp","href":"https:\/\/api.w.org\/{rel}","templated":true}]}}